{"id":393,"date":"2022-09-06T14:30:00","date_gmt":"2022-09-06T13:30:00","guid":{"rendered":"http:\/\/www.bv-breitenfeld.de\/?page_id=393"},"modified":"2024-07-20T10:25:33","modified_gmt":"2024-07-20T09:25:33","slug":"impressum","status":"publish","type":"page","link":"https:\/\/www.bv-breitenfeld.de\/?page_id=393","title":{"rendered":"Impressum"},"content":{"rendered":"\n<p>Kontaktdaten:<br>B\u00fcrgerverein Breitenfeld e.V.<br>Vorstandsvorsitzende Gabriele Peters&nbsp;<\/p>\n\n\n\n<p>Parkring 56<br>04158 Leipzig<br>Tel.: 0178 3265800<br>E-Mail:&nbsp;<a href=\"mailto:info@bv-breitenfeld.de\">info@bv-breitenfeld.de<\/a><\/p>\n\n\n\n<p>Das Impressum gilt f\u00fcr:&nbsp;<a href=\"http:\/\/www.bv-breitenfeld.de\/\">www.bv-breitenfeld.de<\/a><\/p>\n\n\n\n<p>Registriert unter: VR 2514 beim Amtsgericht Leipzig<\/p>\n\n\n\n<p>Inhaltlich Verantwortlicher gem\u00e4\u00df \u00a718 Abs. 2 MSTV:<br>B\u00fcrgerverein Breitenfeld e.V.<br>Parkring 56<br>04158 Leipzig<br>E-Mail:&nbsp;<a href=\"mailto:info@bv-breitenfeld.de\">info@bv-breitenfeld.de<\/a><br>Tel: 0178 3265800<\/p>\n\n\n\n<p><strong>Vorstandsvorsitzende:&nbsp;<\/strong><\/p>\n\n\n\n<p>Gabriele Peters&nbsp;<\/p>\n\n\n\n<p><strong>Vorstandsmitglieder:<\/strong><\/p>\n\n\n\n<p>Sebastian Schneider<\/p>\n\n\n\n<p>Lars G\u00fcttner<\/p>\n\n\n\n<p>Stephanie Br\u00fcckner-B\u00f6hme<\/p>\n\n\n\n<p>Dr. Susann Landgraf\u00a0\u00a0<\/p>\n\n\n\n<p><strong>Datenschutzbeauftragter:<\/strong><br>Thomas Lange-Endrulat<br>Parkring 42<br>04158 Leipzig<br><a href=\"mailto:thomasle@gmail.com\">thomasle@gmail.com<\/a><\/p>\n\n\n\n<p><\/p>\n","protected":false},"excerpt":{"rendered":"<p>Kontaktdaten:B\u00fcrgerverein Breitenfeld e.V.Vorstandsvorsitzende Gabriele Peters&nbsp; Parkring 5604158 LeipzigTel.: 0178 3265800E-Mail:&nbsp;info@bv-breitenfeld.de Das Impressum gilt f\u00fcr:&nbsp;www.bv-breitenfeld.de Registriert unter: VR 2514 beim Amtsgericht Leipzig Inhaltlich Verantwortlicher gem\u00e4\u00df \u00a718 Abs. 2 MSTV:B\u00fcrgerverein Breitenfeld e.V.Parkring 5604158 LeipzigE-Mail:&nbsp;info@bv-breitenfeld.deTel: 0178 3265800 Vorstandsvorsitzende:&nbsp; Gabriele Peters&nbsp; Vorstandsmitglieder: Sebastian Schneider Lars G\u00fcttner Stephanie Br\u00fcckner-B\u00f6hme Dr. Susann Landgraf\u00a0\u00a0 Datenschutzbeauftragter:Thomas Lange-EndrulatParkring 4204158 Leipzigthomasle@gmail.com<\/p>\n","protected":false},"author":3,"featured_media":0,"parent":0,"menu_order":1,"comment_status":"closed","ping_status":"open","template":"","meta":{"footnotes":""},"class_list":["post-393","page","type-page","status-publish","hentry"],"_links":{"self":[{"href":"https:\/\/www.bv-breitenfeld.de\/index.php?rest_route=\/wp\/v2\/pages\/393","targetHints":{"allow":["GET"]}}],"collection":[{"href":"https:\/\/www.bv-breitenfeld.de\/index.php?rest_route=\/wp\/v2\/pages"}],"about":[{"href":"https:\/\/www.bv-breitenfeld.de\/index.php?rest_route=\/wp\/v2\/types\/page"}],"author":[{"embeddable":true,"href":"https:\/\/www.bv-breitenfeld.de\/index.php?rest_route=\/wp\/v2\/users\/3"}],"replies":[{"embeddable":true,"href":"https:\/\/www.bv-breitenfeld.de\/index.php?rest_route=%2Fwp%2Fv2%2Fcomments&post=393"}],"version-history":[{"count":15,"href":"https:\/\/www.bv-breitenfeld.de\/index.php?rest_route=\/wp\/v2\/pages\/393\/revisions"}],"predecessor-version":[{"id":1256,"href":"https:\/\/www.bv-breitenfeld.de\/index.php?rest_route=\/wp\/v2\/pages\/393\/revisions\/1256"}],"wp:attachment":[{"href":"https:\/\/www.bv-breitenfeld.de\/index.php?rest_route=%2Fwp%2Fv2%2Fmedia&parent=393"}],"curies":[{"name":"wp","href":"https:\/\/api.w.org\/{rel}","templated":true}]}}